{"id":2,"date":"2024-01-07T01:01:27","date_gmt":"2024-01-07T00:01:27","guid":{"rendered":"http:\/\/sgkomp.pl\/?page_id=2"},"modified":"2024-01-08T15:19:03","modified_gmt":"2024-01-08T14:19:03","slug":"main-page","status":"publish","type":"page","link":"https:\/\/sgkomp.pl\/","title":{"rendered":"O firmie"},"content":{"rendered":"\n<p class=\"has-medium-font-size\">Witajcie w \u015bwiecie SGKOMP &#8211; Twojego partnera w dziedzinie technologii i bezpiecze\u0144stwa informatycznego! Jeste\u015bmy nie tylko firm\u0105 informatyczn\u0105, ale r\u00f3wnie\u017c pasjonatami technologii, gotowymi dostarczy\u0107 innowacyjne rozwi\u0105zania, kt\u00f3re usprawni\u0105 i zabezpiecz\u0105 Wasze komputery, sieci oraz miejsce pracy.<\/p>\n\n\n\n<p class=\"has-medium-font-size\">W SGKOMP nie tylko rozwi\u0105zujemy problemy &#8211; tworzymy innowacyjne \u015brodowisko, w kt\u00f3rym technologia dzia\u0142a na korzy\u015b\u0107 ka\u017cdego klienta. Do\u0142\u0105cz do nas i do\u015bwiadcz przysz\u0142o\u015bci ju\u017c dzi\u015b!<\/p>\n","protected":false},"excerpt":{"rendered":"<p>Witajcie w \u015bwiecie SGKOMP &#8211; Twojego partnera w dziedzinie technologii i bezpiecze\u0144stwa informatycznego! Jeste\u015bmy nie tylko firm\u0105 informatyczn\u0105, ale r\u00f3wnie\u017c pasjonatami technologii, gotowymi dostarczy\u0107 innowacyjne rozwi\u0105zania, kt\u00f3re usprawni\u0105 i zabezpiecz\u0105 Wasze komputery, sieci oraz miejsce pracy. W SGKOMP nie tylko &hellip; <a href=\"https:\/\/sgkomp.pl\/\">Czytaj dalej <span class=\"meta-nav\">&rarr;<\/span><\/a><\/p>\n","protected":false},"author":1,"featured_media":0,"parent":0,"menu_order":0,"comment_status":"closed","ping_status":"closed","template":"","meta":{"footnotes":""},"class_list":["post-2","page","type-page","status-publish","hentry"],"_links":{"self":[{"href":"https:\/\/sgkomp.pl\/index.php?rest_route=\/wp\/v2\/pages\/2","targetHints":{"allow":["GET"]}}],"collection":[{"href":"https:\/\/sgkomp.pl\/index.php?rest_route=\/wp\/v2\/pages"}],"about":[{"href":"https:\/\/sgkomp.pl\/index.php?rest_route=\/wp\/v2\/types\/page"}],"author":[{"embeddable":true,"href":"https:\/\/sgkomp.pl\/index.php?rest_route=\/wp\/v2\/users\/1"}],"replies":[{"embeddable":true,"href":"https:\/\/sgkomp.pl\/index.php?rest_route=%2Fwp%2Fv2%2Fcomments&post=2"}],"version-history":[{"count":4,"href":"https:\/\/sgkomp.pl\/index.php?rest_route=\/wp\/v2\/pages\/2\/revisions"}],"predecessor-version":[{"id":82,"href":"https:\/\/sgkomp.pl\/index.php?rest_route=\/wp\/v2\/pages\/2\/revisions\/82"}],"wp:attachment":[{"href":"https:\/\/sgkomp.pl\/index.php?rest_route=%2Fwp%2Fv2%2Fmedia&parent=2"}],"curies":[{"name":"wp","href":"https:\/\/api.w.org\/{rel}","templated":true}]}}