{"id":56,"date":"2024-01-07T14:47:39","date_gmt":"2024-01-07T13:47:39","guid":{"rendered":"https:\/\/sgkomp.pl\/?page_id=56"},"modified":"2024-01-07T14:47:39","modified_gmt":"2024-01-07T13:47:39","slug":"rejestracja","status":"publish","type":"page","link":"https:\/\/sgkomp.pl\/?page_id=56","title":{"rendered":"Rejestracja"},"content":{"rendered":"\n<p class=\"has-large-font-size\">Aby zarejestrowa\u0107 si\u0119 naszym systemie zg\u0142osze\u0144 nale\u017cy na poni\u017cszy adres e-mail wys\u0142a\u0107, nazw\u0119 firmy, numer NIP firmy, numer telefonu kontaktowego. <a href=\"mailto:rejestracja@sgkomp.pl\" style=\"font-size: 18px;\">rejestracja@sgkomp.pl<\/a><\/p>\n","protected":false},"excerpt":{"rendered":"<p>Aby zarejestrowa\u0107 si\u0119 naszym systemie zg\u0142osze\u0144 nale\u017cy na poni\u017cszy adres e-mail wys\u0142a\u0107, nazw\u0119 firmy, numer NIP firmy, numer telefonu kontaktowego. rejestracja@sgkomp.pl<\/p>\n","protected":false},"author":1,"featured_media":0,"parent":0,"menu_order":0,"comment_status":"closed","ping_status":"closed","template":"","meta":{"footnotes":""},"class_list":["post-56","page","type-page","status-publish","hentry"],"_links":{"self":[{"href":"https:\/\/sgkomp.pl\/index.php?rest_route=\/wp\/v2\/pages\/56","targetHints":{"allow":["GET"]}}],"collection":[{"href":"https:\/\/sgkomp.pl\/index.php?rest_route=\/wp\/v2\/pages"}],"about":[{"href":"https:\/\/sgkomp.pl\/index.php?rest_route=\/wp\/v2\/types\/page"}],"author":[{"embeddable":true,"href":"https:\/\/sgkomp.pl\/index.php?rest_route=\/wp\/v2\/users\/1"}],"replies":[{"embeddable":true,"href":"https:\/\/sgkomp.pl\/index.php?rest_route=%2Fwp%2Fv2%2Fcomments&post=56"}],"version-history":[{"count":1,"href":"https:\/\/sgkomp.pl\/index.php?rest_route=\/wp\/v2\/pages\/56\/revisions"}],"predecessor-version":[{"id":57,"href":"https:\/\/sgkomp.pl\/index.php?rest_route=\/wp\/v2\/pages\/56\/revisions\/57"}],"wp:attachment":[{"href":"https:\/\/sgkomp.pl\/index.php?rest_route=%2Fwp%2Fv2%2Fmedia&parent=56"}],"curies":[{"name":"wp","href":"https:\/\/api.w.org\/{rel}","templated":true}]}}